{"id":4237,"date":"2015-06-25T23:42:00","date_gmt":"2015-06-25T23:42:00","guid":{"rendered":"http:\/\/www.fianzasseguroscrya.com\/aviso-de-privacidad\/"},"modified":"2018-08-21T23:06:25","modified_gmt":"2018-08-21T23:06:25","slug":"privacy-notices","status":"publish","type":"page","link":"https:\/\/www.fianzasseguroscrya.com\/en\/privacy-notices\/","title":{"rendered":"Privacy Notices"},"content":{"rendered":"<div id=\"aq-template-wrapper-646\" class=\"aq-template-wrapper aq_row\"><div class=\"container content_container\"><div class=\"row\"><div id=\"aq-block-1\" class=\"aq-block  aq-block-aq_text_block col-md-10  aq-first cf\"><h4 class=\"classic-title\"><span>Aviso de Privacidad<\/span><\/h4><p>CUMPLIENDO CON LA LEY FEDERAL DE PROTECCION DE DATOS PERSONALES EN POSESION DE LOS PARTICULARES HACEMOS DE SU CONOCIMIENTO QUE SUS DATOS PERSONALES REFERIDOS O ENTRAGADOS POR CUALQUIER MEDIO POR USTED, SOLO SE UTILIZARAN PARA FINES REALCIONADOS CON LA EMISION DE POLIZAS DE FIANZAS, SEGUROS Y SERVICIOS FINANCIEROS LOS CUALES INTERMEDIAMOS.<br \/>\n<br \/>\nHACEMOS DE SU CONOCIMIENTO QUE TRABAJAMOS CON COMPA\u00d1IAS AFIANZADORAS Y ASEGURADORAS MEDIANTE CONTRATOS MERCANTILES DE AGENTES DE SEGUROS Y FIANZAS, ESTAS EMPRESAS GARATIZAN LA PROTECCION DE LA INFORMACION PERSONAL PROPORCIONADA POR NOSOTROS EN REPRESENTACION DE USTED SOLO PARA LOS FINES DESCRITOS ANTERIORMENTE.<br \/>\n<br \/>\nEl ejercicio de los derechos de acceso, rectificaci\u00f3n, cancelaci\u00f3n, oposici\u00f3n, limitaci\u00f3n de uso o divulgaci\u00f3n de los datos o revocaci\u00f3n del consentimiento otorgado, podr\u00e1 realizarse a trav\u00e9s de nuestro Departamento de Datos Personales al correo jrc@fianzasseguroscrya.com, y\/o al tel\u00e9fono (229) 9-37-99-62.<\/p>\n<\/div><div class=\"container\"><div class=\"hr1\" style=\"margin-top:5px; margin-bottom:0px;\"><\/div><\/div><\/div>\n","protected":false},"excerpt":{"rendered":"","protected":false},"author":1,"featured_media":0,"parent":0,"menu_order":0,"comment_status":"open","ping_status":"open","template":"page-templates\/pagebuilder.php","meta":{"footnotes":""},"class_list":["post-4237","page","type-page","status-publish","hentry"],"_links":{"self":[{"href":"https:\/\/www.fianzasseguroscrya.com\/en\/wp-json\/wp\/v2\/pages\/4237"}],"collection":[{"href":"https:\/\/www.fianzasseguroscrya.com\/en\/wp-json\/wp\/v2\/pages"}],"about":[{"href":"https:\/\/www.fianzasseguroscrya.com\/en\/wp-json\/wp\/v2\/types\/page"}],"author":[{"embeddable":true,"href":"https:\/\/www.fianzasseguroscrya.com\/en\/wp-json\/wp\/v2\/users\/1"}],"replies":[{"embeddable":true,"href":"https:\/\/www.fianzasseguroscrya.com\/en\/wp-json\/wp\/v2\/comments?post=4237"}],"version-history":[{"count":0,"href":"https:\/\/www.fianzasseguroscrya.com\/en\/wp-json\/wp\/v2\/pages\/4237\/revisions"}],"wp:attachment":[{"href":"https:\/\/www.fianzasseguroscrya.com\/en\/wp-json\/wp\/v2\/media?parent=4237"}],"curies":[{"name":"wp","href":"https:\/\/api.w.org\/{rel}","templated":true}]}}